{"id":21,"date":"2022-05-30T15:36:36","date_gmt":"2022-05-30T13:36:36","guid":{"rendered":"https:\/\/www.interportocervignano.it\/?page_id=21"},"modified":"2023-07-18T09:28:09","modified_gmt":"2023-07-18T07:28:09","slug":"trasparenza-e-anticorruzione","status":"publish","type":"page","link":"https:\/\/wpt-g6av.185-78-64-49.cpanel.site\/?page_id=21","title":{"rendered":"SOCIET\u00c0 TRASPARENTE"},"content":{"rendered":"\t\t<div data-elementor-type=\"wp-page\" data-elementor-id=\"21\" class=\"elementor elementor-21\">\n\t\t\t\t\t\t\t\t\t<section class=\"elementor-section elementor-top-section elementor-element elementor-element-612d05d elementor-section-boxed elementor-section-height-default elementor-section-height-default wpr-particle-no wpr-jarallax-no wpr-parallax-no wpr-sticky-section-no\" data-id=\"612d05d\" data-element_type=\"section\" data-settings=\"{&quot;background_background&quot;:&quot;classic&quot;}\">\n\t\t\t\t\t\t<div class=\"elementor-container elementor-column-gap-default\">\n\t\t\t\t\t<div class=\"elementor-column elementor-col-100 elementor-top-column elementor-element elementor-element-043f412\" data-id=\"043f412\" data-element_type=\"column\">\n\t\t\t<div class=\"elementor-widget-wrap elementor-element-populated\">\n\t\t\t\t\t\t\t\t<div class=\"elementor-element elementor-element-d0bfa6d elementor-widget elementor-widget-heading\" data-id=\"d0bfa6d\" data-element_type=\"widget\" data-widget_type=\"heading.default\">\n\t\t\t\t<div class=\"elementor-widget-container\">\n\t\t\t<style>\/*! elementor - v3.14.0 - 26-06-2023 *\/\n.elementor-heading-title{padding:0;margin:0;line-height:1}.elementor-widget-heading .elementor-heading-title[class*=elementor-size-]>a{color:inherit;font-size:inherit;line-height:inherit}.elementor-widget-heading .elementor-heading-title.elementor-size-small{font-size:15px}.elementor-widget-heading .elementor-heading-title.elementor-size-medium{font-size:19px}.elementor-widget-heading .elementor-heading-title.elementor-size-large{font-size:29px}.elementor-widget-heading .elementor-heading-title.elementor-size-xl{font-size:39px}.elementor-widget-heading .elementor-heading-title.elementor-size-xxl{font-size:59px}<\/style><h2 class=\"elementor-heading-title elementor-size-default\">SOCIET\u00c0 TRASPARENTE<\/h2>\t\t<\/div>\n\t\t\t\t<\/div>\n\t\t\t\t\t<\/div>\n\t\t<\/div>\n\t\t\t\t\t\t\t<\/div>\n\t\t<\/section>\n\t\t\t\t<section class=\"elementor-section elementor-top-section elementor-element elementor-element-6dd1281 elementor-section-boxed elementor-section-height-default elementor-section-height-default wpr-particle-no wpr-jarallax-no wpr-parallax-no wpr-sticky-section-no\" data-id=\"6dd1281\" data-element_type=\"section\">\n\t\t\t\t\t\t<div class=\"elementor-container elementor-column-gap-default\">\n\t\t\t\t\t<div class=\"elementor-column elementor-col-100 elementor-top-column elementor-element elementor-element-8e07bba\" data-id=\"8e07bba\" data-element_type=\"column\">\n\t\t\t<div class=\"elementor-widget-wrap elementor-element-populated\">\n\t\t\t\t\t\t\t\t<div class=\"elementor-element elementor-element-cec7006 elementor-widget elementor-widget-text-editor\" data-id=\"cec7006\" data-element_type=\"widget\" data-widget_type=\"text-editor.default\">\n\t\t\t\t<div class=\"elementor-widget-container\">\n\t\t\t<style>\/*! elementor - v3.14.0 - 26-06-2023 *\/\n.elementor-widget-text-editor.elementor-drop-cap-view-stacked .elementor-drop-cap{background-color:#69727d;color:#fff}.elementor-widget-text-editor.elementor-drop-cap-view-framed .elementor-drop-cap{color:#69727d;border:3px solid;background-color:transparent}.elementor-widget-text-editor:not(.elementor-drop-cap-view-default) .elementor-drop-cap{margin-top:8px}.elementor-widget-text-editor:not(.elementor-drop-cap-view-default) .elementor-drop-cap-letter{width:1em;height:1em}.elementor-widget-text-editor .elementor-drop-cap{float:left;text-align:center;line-height:1;font-size:50px}.elementor-widget-text-editor .elementor-drop-cap-letter{display:inline-block}<\/style>\t\t\t\t<p><span style=\"font-size: 18pt;\"><a style=\"padding: 1vw; border-radius: 5px; color: #5c648c; box-shadow: rgba(0, 0, 0, 0.35) 0px 5px 15px;\" href=\"https:\/\/interporto.onlinefriuli.net\/?page_id=807\" target=\"_blank\" rel=\"noopener\">Disposizioni Generali<\/a><\/span><\/p><p><span style=\"font-size: 18pt;\"><a style=\"padding: 1vw; border-radius: 5px; color: #5c648c; box-shadow: rgba(0, 0, 0, 0.35) 0px 5px 15px; width: 40%;\" href=\"https:\/\/interporto.onlinefriuli.net\/?page_id=570\" target=\"_blank\" rel=\"noopener\">Organizzazione<\/a><\/span><\/p><p><span style=\"font-size: 18pt;\"><a style=\"padding: 1vw; border-radius: 5px; color: #5c648c; box-shadow: rgba(0, 0, 0, 0.35) 0px 5px 15px;\" href=\"https:\/\/interporto.onlinefriuli.net\/?page_id=899\" target=\"_blank\" rel=\"noopener\">Consulenti e Collaboratori<\/a><\/span><\/p><p><span style=\"font-size: 18pt;\"><a style=\"padding: 1vw; border-radius: 5px; color: #5c648c; box-shadow: rgba(0, 0, 0, 0.35) 0px 5px 15px;\" href=\"https:\/\/interporto.onlinefriuli.net\/?page_id=904\" target=\"_blank\" rel=\"noopener\">Personale<\/a><\/span><\/p><p><span style=\"font-size: 18pt;\"><a style=\"padding: 1vw; border-radius: 5px; color: #5c648c; box-shadow: rgba(0, 0, 0, 0.35) 0px 5px 15px;\" href=\"https:\/\/interporto.onlinefriuli.net\/?page_id=1211\" target=\"_blank\" rel=\"noopener\">Reclutamento Personale<\/a><\/span><\/p><p><span style=\"font-size: 18pt;\"><a style=\"padding: 1vw; border-radius: 5px; color: #5c648c; box-shadow: rgba(0, 0, 0, 0.35) 0px 5px 15px;\">Bandi di Concorso<\/a><\/span><\/p><p><span style=\"font-size: 18pt;\"><a style=\"padding: 1vw; border-radius: 5px; color: #5c648c; box-shadow: rgba(0, 0, 0, 0.35) 0px 5px 15px;\">Performance<\/a><\/span><\/p><p><span style=\"font-size: 18pt;\"><a style=\"padding: 1vw; border-radius: 5px; color: #5c648c; box-shadow: rgba(0, 0, 0, 0.35) 0px 5px 15px;\">Attivit\u00e0 e Procedimenti<\/a><\/span><\/p><p><span style=\"font-size: 18pt;\"><a style=\"padding: 1vw; border-radius: 5px; color: #5c648c; box-shadow: rgba(0, 0, 0, 0.35) 0px 5px 15px;\">Provvedimenti<\/a><\/span><\/p><p><span style=\"font-size: 18pt;\"><a style=\"padding: 1vw; border-radius: 5px; color: #5c648c; box-shadow: rgba(0, 0, 0, 0.35) 0px 5px 15px;\" href=\"https:\/\/interporto.onlinefriuli.net\/?page_id=1294\" target=\"_blank\" rel=\"noopener\">Bandi di Gare e Contratti<\/a><\/span><\/p><p><span style=\"font-size: 18pt;\"><a style=\"padding: 1vw; border-radius: 5px; color: #5c648c; box-shadow: rgba(0, 0, 0, 0.35) 0px 5px 15px;\" href=\"https:\/\/interporto.onlinefriuli.net\/?page_id=923\" target=\"_blank\" rel=\"noopener\">Bilanci<\/a><\/span><\/p><p><span style=\"font-size: 18pt;\"><a style=\"padding: 1vw; border-radius: 5px; color: #5c648c; box-shadow: rgba(0, 0, 0, 0.35) 0px 5px 15px;\">Beni Immobili Gestione <\/a><\/span><\/p><p><span style=\"font-size: 18pt;\"><a style=\"padding: 1vw; border-radius: 5px; color: #5c648c; box-shadow: rgba(0, 0, 0, 0.35) 0px 5px 15px;\">Patrimonio<\/a><\/span><\/p><p><span style=\"font-size: 18pt;\"><a style=\"padding: 1vw; border-radius: 5px; color: #5c648c; box-shadow: rgba(0, 0, 0, 0.35) 0px 5px 15px;\" href=\"https:\/\/interporto.onlinefriuli.net\/?page_id=1163\" target=\"_blank\" rel=\"noopener\">Controlli e Rilievi sull&#8217;Amministrazione<\/a><\/span><\/p><p><span style=\"font-size: 18pt;\"><a style=\"padding: 1vw; border-radius: 5px; color: #5c648c; box-shadow: rgba(0, 0, 0, 0.35) 0px 5px 15px;\" href=\"https:\/\/interporto.onlinefriuli.net\/?page_id=1475\" target=\"_blank\" rel=\"noopener\">Pagamenti dell&#8217;Amministrazione<\/a><\/span><\/p><p><span style=\"font-size: 18pt;\"><a style=\"padding: 1vw; border-radius: 5px; color: #5c648c; box-shadow: rgba(0, 0, 0, 0.35) 0px 5px 15px;\" href=\"https:\/\/interporto.onlinefriuli.net\/?page_id=1185\" target=\"_blank\" rel=\"noopener\">Prevenzione della Corruzione<\/a><\/span><\/p><p><span style=\"font-size: 18pt;\"><a style=\"padding: 1vw; border-radius: 5px; color: #5c648c; box-shadow: rgba(0, 0, 0, 0.35) 0px 5px 15px;\">Accesso Civico<\/a><\/span><\/p><p><span style=\"font-size: 18pt;\"><a style=\"padding: 1vw; border-radius: 5px; color: #5c648c; box-shadow: rgba(0, 0, 0, 0.35) 0px 5px 15px;\">Accessibilit\u00e0 e Catalogo Dati, Metadati e Banche Dati<\/a><\/span><\/p><p><span style=\"font-size: 18pt;\"><a style=\"padding: 1vw; border-radius: 5px; color: #5c648c; box-shadow: rgba(0, 0, 0, 0.35) 0px 5px 15px;\">Sensibilizzazione e Societ\u00e0 Civile<\/a><\/span><\/p><p><span style=\"font-size: 18pt;\"><a style=\"padding: 1vw; border-radius: 5px; color: #5c648c; box-shadow: rgba(0, 0, 0, 0.35) 0px 5px 15px;\">Autovetture in Dotazione<\/a><\/span><\/p><p><span style=\"font-size: 18pt;\"><a style=\"padding: 1vw; border-radius: 5px; color: #5c648c; box-shadow: rgba(0, 0, 0, 0.35) 0px 5px 15px;\" href=\"https:\/\/interporto.onlinefriuli.net\/?page_id=1449\" target=\"_blank\" rel=\"noopener\">Opere Pubbliche<\/a><\/span><\/p><p><span style=\"font-size: 18pt;\"><a style=\"padding: 1vw; border-radius: 5px; color: #5c648c; box-shadow: rgba(0, 0, 0, 0.35) 0px 5px 15px;\" href=\"https:\/\/interporto.onlinefriuli.net\/?page_id=1457\" target=\"_blank\" rel=\"noopener\">Altri Contenuti<\/a><\/span><\/p>\t\t\t\t\t\t<\/div>\n\t\t\t\t<\/div>\n\t\t\t\t\t<\/div>\n\t\t<\/div>\n\t\t\t\t\t\t\t<\/div>\n\t\t<\/section>\n\t\t\t\t\t\t\t<\/div>\n\t\t","protected":false},"excerpt":{"rendered":"<p>SOCIET\u00c0 TRASPARENTE Disposizioni Generali Organizzazione Consulenti e Collaboratori Personale Reclutamento Personale Bandi di Concorso Performance Attivit\u00e0 e Procedimenti Provvedimenti Bandi di Gare e Contratti Bilanci Beni Immobili Gestione Patrimonio Controlli e Rilievi sull&#8217;Amministrazione Pagamenti dell&#8217;Amministrazione Prevenzione della Corruzione Accesso Civico Accessibilit\u00e0 e Catalogo Dati, Metadati e Banche Dati Sensibilizzazione e Societ\u00e0 Civile Autovetture in Dotazione &hellip;<\/p>\n<p class=\"read-more\"> <a class=\"\" href=\"https:\/\/wpt-g6av.185-78-64-49.cpanel.site\/?page_id=21\"> <span class=\"screen-reader-text\">SOCIET\u00c0 TRASPARENTE<\/span> Leggi altro &raquo;<\/a><\/p>\n","protected":false},"author":1,"featured_media":0,"parent":0,"menu_order":0,"comment_status":"closed","ping_status":"closed","template":"","meta":{"site-sidebar-layout":"no-sidebar","site-content-layout":"page-builder","ast-global-header-display":"","ast-main-header-display":"","ast-hfb-above-header-display":"","ast-hfb-below-header-display":"","ast-hfb-mobile-header-display":"","site-post-title":"disabled","ast-breadcrumbs-content":"","ast-featured-img":"disabled","footer-sml-layout":"","theme-transparent-header-meta":"","adv-header-id-meta":"","stick-header-meta":"","header-above-stick-meta":"","header-main-stick-meta":"","header-below-stick-meta":"","footnotes":""},"class_list":["post-21","page","type-page","status-publish","hentry"],"yoast_head":"<!-- This site is optimized with the Yoast SEO plugin v19.3 - https:\/\/yoast.com\/wordpress\/plugins\/seo\/ -->\n<title>SOCIET\u00c0 TRASPARENTE - Interporto Cervignano<\/title>\n<meta name=\"robots\" content=\"noindex, follow, max-snippet:-1, max-image-preview:large, max-video-preview:-1\" \/>\n<meta property=\"og:locale\" content=\"it_IT\" \/>\n<meta property=\"og:type\" content=\"article\" \/>\n<meta property=\"og:title\" content=\"SOCIET\u00c0 TRASPARENTE - Interporto Cervignano\" \/>\n<meta property=\"og:description\" content=\"SOCIET\u00c0 TRASPARENTE Disposizioni Generali Organizzazione Consulenti e Collaboratori Personale Reclutamento Personale Bandi di Concorso Performance Attivit\u00e0 e Procedimenti Provvedimenti Bandi di Gare e Contratti Bilanci Beni Immobili Gestione Patrimonio Controlli e Rilievi sull&#8217;Amministrazione Pagamenti dell&#8217;Amministrazione Prevenzione della Corruzione Accesso Civico Accessibilit\u00e0 e Catalogo Dati, Metadati e Banche Dati Sensibilizzazione e Societ\u00e0 Civile Autovetture in Dotazione &hellip; SOCIET\u00c0 TRASPARENTE Leggi altro &raquo;\" \/>\n<meta property=\"og:url\" content=\"https:\/\/wpt-g6av.185-78-64-49.cpanel.site\/?page_id=21\" \/>\n<meta property=\"og:site_name\" content=\"Interporto Cervignano\" \/>\n<meta property=\"article:modified_time\" content=\"2023-07-18T07:28:09+00:00\" \/>\n<meta name=\"twitter:card\" content=\"summary_large_image\" \/>\n<meta name=\"twitter:label1\" content=\"Tempo di lettura stimato\" \/>\n\t<meta name=\"twitter:data1\" content=\"1 minuto\" \/>\n<script type=\"application\/ld+json\" class=\"yoast-schema-graph\">{\"@context\":\"https:\/\/schema.org\",\"@graph\":[{\"@type\":\"Organization\",\"@id\":\"https:\/\/wpt-g6av.185-78-64-49.cpanel.site\/#organization\",\"name\":\"Interporto Cervignano del Friuli\",\"url\":\"https:\/\/wpt-g6av.185-78-64-49.cpanel.site\/\",\"sameAs\":[],\"logo\":{\"@type\":\"ImageObject\",\"inLanguage\":\"it-IT\",\"@id\":\"https:\/\/wpt-g6av.185-78-64-49.cpanel.site\/#\/schema\/logo\/image\/\",\"url\":\"https:\/\/i0.wp.com\/interporto.onlinefriuli.net\/wp-content\/uploads\/2022\/05\/cropped-Logo-interporto-NON-CONFERMATO-1.png?fit=512%2C512&ssl=1\",\"contentUrl\":\"https:\/\/i0.wp.com\/interporto.onlinefriuli.net\/wp-content\/uploads\/2022\/05\/cropped-Logo-interporto-NON-CONFERMATO-1.png?fit=512%2C512&ssl=1\",\"width\":512,\"height\":512,\"caption\":\"Interporto Cervignano del Friuli\"},\"image\":{\"@id\":\"https:\/\/wpt-g6av.185-78-64-49.cpanel.site\/#\/schema\/logo\/image\/\"}},{\"@type\":\"WebSite\",\"@id\":\"https:\/\/wpt-g6av.185-78-64-49.cpanel.site\/#website\",\"url\":\"https:\/\/wpt-g6av.185-78-64-49.cpanel.site\/\",\"name\":\"Interporto Cervignano\",\"description\":\"Un nuovo sito targato WordPress\",\"publisher\":{\"@id\":\"https:\/\/wpt-g6av.185-78-64-49.cpanel.site\/#organization\"},\"potentialAction\":[{\"@type\":\"SearchAction\",\"target\":{\"@type\":\"EntryPoint\",\"urlTemplate\":\"https:\/\/wpt-g6av.185-78-64-49.cpanel.site\/?s={search_term_string}\"},\"query-input\":\"required name=search_term_string\"}],\"inLanguage\":\"it-IT\"},{\"@type\":\"WebPage\",\"@id\":\"https:\/\/wpt-g6av.185-78-64-49.cpanel.site\/?page_id=21\",\"url\":\"https:\/\/wpt-g6av.185-78-64-49.cpanel.site\/?page_id=21\",\"name\":\"SOCIET\u00c0 TRASPARENTE - Interporto Cervignano\",\"isPartOf\":{\"@id\":\"https:\/\/wpt-g6av.185-78-64-49.cpanel.site\/#website\"},\"datePublished\":\"2022-05-30T13:36:36+00:00\",\"dateModified\":\"2023-07-18T07:28:09+00:00\",\"breadcrumb\":{\"@id\":\"https:\/\/wpt-g6av.185-78-64-49.cpanel.site\/?page_id=21#breadcrumb\"},\"inLanguage\":\"it-IT\",\"potentialAction\":[{\"@type\":\"ReadAction\",\"target\":[\"https:\/\/wpt-g6av.185-78-64-49.cpanel.site\/?page_id=21\"]}]},{\"@type\":\"BreadcrumbList\",\"@id\":\"https:\/\/wpt-g6av.185-78-64-49.cpanel.site\/?page_id=21#breadcrumb\",\"itemListElement\":[{\"@type\":\"ListItem\",\"position\":1,\"name\":\"Home\",\"item\":\"https:\/\/wpt-g6av.185-78-64-49.cpanel.site\/\"},{\"@type\":\"ListItem\",\"position\":2,\"name\":\"SOCIET\u00c0 TRASPARENTE\"}]}]}<\/script>\n<!-- \/ Yoast SEO plugin. -->","yoast_head_json":{"title":"SOCIET\u00c0 TRASPARENTE - Interporto Cervignano","robots":{"index":"noindex","follow":"follow","max-snippet":"max-snippet:-1","max-image-preview":"max-image-preview:large","max-video-preview":"max-video-preview:-1"},"og_locale":"it_IT","og_type":"article","og_title":"SOCIET\u00c0 TRASPARENTE - Interporto Cervignano","og_description":"SOCIET\u00c0 TRASPARENTE Disposizioni Generali Organizzazione Consulenti e Collaboratori Personale Reclutamento Personale Bandi di Concorso Performance Attivit\u00e0 e Procedimenti Provvedimenti Bandi di Gare e Contratti Bilanci Beni Immobili Gestione Patrimonio Controlli e Rilievi sull&#8217;Amministrazione Pagamenti dell&#8217;Amministrazione Prevenzione della Corruzione Accesso Civico Accessibilit\u00e0 e Catalogo Dati, Metadati e Banche Dati Sensibilizzazione e Societ\u00e0 Civile Autovetture in Dotazione &hellip; SOCIET\u00c0 TRASPARENTE Leggi altro &raquo;","og_url":"https:\/\/wpt-g6av.185-78-64-49.cpanel.site\/?page_id=21","og_site_name":"Interporto Cervignano","article_modified_time":"2023-07-18T07:28:09+00:00","twitter_card":"summary_large_image","twitter_misc":{"Tempo di lettura stimato":"1 minuto"},"schema":{"@context":"https:\/\/schema.org","@graph":[{"@type":"Organization","@id":"https:\/\/wpt-g6av.185-78-64-49.cpanel.site\/#organization","name":"Interporto Cervignano del Friuli","url":"https:\/\/wpt-g6av.185-78-64-49.cpanel.site\/","sameAs":[],"logo":{"@type":"ImageObject","inLanguage":"it-IT","@id":"https:\/\/wpt-g6av.185-78-64-49.cpanel.site\/#\/schema\/logo\/image\/","url":"https:\/\/i0.wp.com\/interporto.onlinefriuli.net\/wp-content\/uploads\/2022\/05\/cropped-Logo-interporto-NON-CONFERMATO-1.png?fit=512%2C512&ssl=1","contentUrl":"https:\/\/i0.wp.com\/interporto.onlinefriuli.net\/wp-content\/uploads\/2022\/05\/cropped-Logo-interporto-NON-CONFERMATO-1.png?fit=512%2C512&ssl=1","width":512,"height":512,"caption":"Interporto Cervignano del Friuli"},"image":{"@id":"https:\/\/wpt-g6av.185-78-64-49.cpanel.site\/#\/schema\/logo\/image\/"}},{"@type":"WebSite","@id":"https:\/\/wpt-g6av.185-78-64-49.cpanel.site\/#website","url":"https:\/\/wpt-g6av.185-78-64-49.cpanel.site\/","name":"Interporto Cervignano","description":"Un nuovo sito targato WordPress","publisher":{"@id":"https:\/\/wpt-g6av.185-78-64-49.cpanel.site\/#organization"},"potentialAction":[{"@type":"SearchAction","target":{"@type":"EntryPoint","urlTemplate":"https:\/\/wpt-g6av.185-78-64-49.cpanel.site\/?s={search_term_string}"},"query-input":"required name=search_term_string"}],"inLanguage":"it-IT"},{"@type":"WebPage","@id":"https:\/\/wpt-g6av.185-78-64-49.cpanel.site\/?page_id=21","url":"https:\/\/wpt-g6av.185-78-64-49.cpanel.site\/?page_id=21","name":"SOCIET\u00c0 TRASPARENTE - Interporto Cervignano","isPartOf":{"@id":"https:\/\/wpt-g6av.185-78-64-49.cpanel.site\/#website"},"datePublished":"2022-05-30T13:36:36+00:00","dateModified":"2023-07-18T07:28:09+00:00","breadcrumb":{"@id":"https:\/\/wpt-g6av.185-78-64-49.cpanel.site\/?page_id=21#breadcrumb"},"inLanguage":"it-IT","potentialAction":[{"@type":"ReadAction","target":["https:\/\/wpt-g6av.185-78-64-49.cpanel.site\/?page_id=21"]}]},{"@type":"BreadcrumbList","@id":"https:\/\/wpt-g6av.185-78-64-49.cpanel.site\/?page_id=21#breadcrumb","itemListElement":[{"@type":"ListItem","position":1,"name":"Home","item":"https:\/\/wpt-g6av.185-78-64-49.cpanel.site\/"},{"@type":"ListItem","position":2,"name":"SOCIET\u00c0 TRASPARENTE"}]}]}},"_links":{"self":[{"href":"https:\/\/wpt-g6av.185-78-64-49.cpanel.site\/index.php?rest_route=\/wp\/v2\/pages\/21","targetHints":{"allow":["GET"]}}],"collection":[{"href":"https:\/\/wpt-g6av.185-78-64-49.cpanel.site\/index.php?rest_route=\/wp\/v2\/pages"}],"about":[{"href":"https:\/\/wpt-g6av.185-78-64-49.cpanel.site\/index.php?rest_route=\/wp\/v2\/types\/page"}],"author":[{"embeddable":true,"href":"https:\/\/wpt-g6av.185-78-64-49.cpanel.site\/index.php?rest_route=\/wp\/v2\/users\/1"}],"replies":[{"embeddable":true,"href":"https:\/\/wpt-g6av.185-78-64-49.cpanel.site\/index.php?rest_route=%2Fwp%2Fv2%2Fcomments&post=21"}],"version-history":[{"count":107,"href":"https:\/\/wpt-g6av.185-78-64-49.cpanel.site\/index.php?rest_route=\/wp\/v2\/pages\/21\/revisions"}],"predecessor-version":[{"id":1936,"href":"https:\/\/wpt-g6av.185-78-64-49.cpanel.site\/index.php?rest_route=\/wp\/v2\/pages\/21\/revisions\/1936"}],"wp:attachment":[{"href":"https:\/\/wpt-g6av.185-78-64-49.cpanel.site\/index.php?rest_route=%2Fwp%2Fv2%2Fmedia&parent=21"}],"curies":[{"name":"wp","href":"https:\/\/api.w.org\/{rel}","templated":true}]}}